{"id":1115,"date":"2024-08-20T08:50:03","date_gmt":"2024-08-20T06:50:03","guid":{"rendered":"https:\/\/adriawindpower.hr\/?page_id=1115"},"modified":"2025-01-16T10:13:16","modified_gmt":"2025-01-16T09:13:16","slug":"hvala-vam","status":"publish","type":"page","link":"https:\/\/adriawindpower.hr\/en\/hvala-vam\/","title":{"rendered":"Hvala Vam na iskazanom intesresu"},"content":{"rendered":"<div data-elementor-type=\"wp-page\" data-elementor-id=\"1115\" class=\"elementor elementor-1115\" data-elementor-post-type=\"page\">\n\t\t\t\t<div class=\"elementor-element elementor-element-17738f2 e-flex e-con-boxed e-con e-parent\" data-id=\"17738f2\" data-element_type=\"container\" data-settings=\"{&quot;background_background&quot;:&quot;classic&quot;}\">\n\t\t\t\t\t<div class=\"e-con-inner\">\n\t\t<div class=\"elementor-element elementor-element-7d6a45e e-con-full e-flex e-con e-child\" data-id=\"7d6a45e\" data-element_type=\"container\">\n\t\t\t\t<div class=\"elementor-element elementor-element-d751a6e elementor-widget-tablet__width-initial elementor-widget elementor-widget-heading\" data-id=\"d751a6e\" data-element_type=\"widget\" data-widget_type=\"heading.default\">\n\t\t\t\t<div class=\"elementor-widget-container\">\n\t\t\t<style>\/*! elementor - v3.23.0 - 15-07-2024 *\/\n.elementor-heading-title{padding:0;margin:0;line-height:1}.elementor-widget-heading .elementor-heading-title[class*=elementor-size-]>a{color:inherit;font-size:inherit;line-height:inherit}.elementor-widget-heading .elementor-heading-title.elementor-size-small{font-size:15px}.elementor-widget-heading .elementor-heading-title.elementor-size-medium{font-size:19px}.elementor-widget-heading .elementor-heading-title.elementor-size-large{font-size:29px}.elementor-widget-heading .elementor-heading-title.elementor-size-xl{font-size:39px}.elementor-widget-heading .elementor-heading-title.elementor-size-xxl{font-size:59px}<\/style><h1 class=\"elementor-heading-title elementor-size-default\">Hvala Vam na iskazanom intesresu<\/h1>\t\t<\/div>\n\t\t\t\t<\/div>\n\t\t\t\t<div class=\"elementor-element elementor-element-559b219 elementor-widget__width-initial elementor-widget elementor-widget-text-editor\" data-id=\"559b219\" data-element_type=\"widget\" data-widget_type=\"text-editor.default\">\n\t\t\t\t<div class=\"elementor-widget-container\">\n\t\t\t<style>\/*! elementor - v3.23.0 - 15-07-2024 *\/\n.elementor-widget-text-editor.elementor-drop-cap-view-stacked .elementor-drop-cap{background-color:#69727d;color:#fff}.elementor-widget-text-editor.elementor-drop-cap-view-framed .elementor-drop-cap{color:#69727d;border:3px solid;background-color:transparent}.elementor-widget-text-editor:not(.elementor-drop-cap-view-default) .elementor-drop-cap{margin-top:8px}.elementor-widget-text-editor:not(.elementor-drop-cap-view-default) .elementor-drop-cap-letter{width:1em;height:1em}.elementor-widget-text-editor .elementor-drop-cap{float:left;text-align:center;line-height:1;font-size:50px}.elementor-widget-text-editor .elementor-drop-cap-letter{display:inline-block}<\/style>\t\t\t\t<p>Upit je uspje\u0161no poslan &#8211; na\u0161 tim \u0107e Vam se javiti \u0161to je prije mogu\u0107e.<\/p>\t\t\t\t\t\t<\/div>\n\t\t\t\t<\/div>\n\t\t\t\t<div class=\"elementor-element elementor-element-ed40f26 elementor-widget elementor-widget-awp-custom-button\" data-id=\"ed40f26\" data-element_type=\"widget\" data-widget_type=\"awp-custom-button.default\">\n\t\t\t\t<div class=\"elementor-widget-container\">\n\t\t\t<a href=\"https:\/\/adriawindpower.hr\/en\/\" class=\"awp-btn\" style=\"--clr: #7808d0\">\n  <span class=\"awp-btn-text\">Povratak na naslovnu<\/span>\n  <span class=\"awp-btn__icon-wrapper\">\n    \n<svg viewbox=\"0 0 14 15\" fill=\"none\" xmlns=\"http:\/\/www.w3.org\/2000\/svg\" class=\"awp-btn__icon-svg\" width=\"13\">\n<path fill=\"currentColor\" d=\"M12.153,7.213c-0.038-0.092-0.093-0.175-0.162-0.244l-4-4c-0.293-0.292-0.767-0.293-1.061,0\tc-0.293,0.293-0.293,0.768,0,1.061l2.72,2.72H1.461c-0.414,0-0.75,0.336-0.75,0.75s0.336,0.75,0.75,0.75h8.189l-2.72,2.72\tc-0.293,0.293-0.293,0.768,0,1.061c0.146,0.146,0.338,0.22,0.53,0.22c0.192,0,0.384-0.073,0.53-0.22l4-4\tc0.069-0.069,0.124-0.152,0.162-0.244C12.229,7.603,12.229,7.397,12.153,7.213z\"\/>\n<\/svg>\n\n\n    <svg\n      viewbox=\"0 0 14 15\"\n      fill=\"none\"\n      width=\"13\"\n      xmlns=\"http:\/\/www.w3.org\/2000\/svg\"\n      class=\"awp-btn__icon-svg awp-btn__icon-svg--copy\"\n    >\n    <path fill=\"currentColor\" d=\"M12.153,7.213c-0.038-0.092-0.093-0.175-0.162-0.244l-4-4c-0.293-0.292-0.767-0.293-1.061,0    c-0.293,0.293-0.293,0.768,0,1.061l2.72,2.72H1.461c-0.414,0-0.75,0.336-0.75,0.75s0.336,0.75,0.75,0.75h8.189l-2.72,2.72    c-0.293,0.293-0.293,0.768,0,1.061c0.146,0.146,0.338,0.22,0.53,0.22c0.192,0,0.384-0.073,0.53-0.22l4-4    c0.069-0.069,0.124-0.152,0.162-0.244C12.229,7.603,12.229,7.397,12.153,7.213z\"\/>\n    <\/svg>\n  <\/span>\n  <span class=\"awp-btn__circle-wrapper\"><\/span>\n<\/a>\t\t<\/div>\n\t\t\t\t<\/div>\n\t\t\t\t<\/div>\n\t\t\t\t\t<\/div>\n\t\t\t\t<\/div>\n\t\t\t\t<\/div>","protected":false},"excerpt":{"rendered":"<p>Hvala Vam na iskazanom intesresu Upit je uspje\u0161no poslan &#8211; na\u0161 tim \u0107e Vam se javiti \u0161to je prije mogu\u0107e. Povratak na naslovnu<\/p>","protected":false},"author":1,"featured_media":1025,"parent":0,"menu_order":0,"comment_status":"closed","ping_status":"closed","template":"elementor_header_footer","meta":{"_acf_changed":false,"footnotes":""},"class_list":["post-1115","page","type-page","status-publish","has-post-thumbnail","hentry"],"acf":[],"yoast_head":"<!-- This site is optimized with the Yoast SEO plugin v24.2 - https:\/\/yoast.com\/wordpress\/plugins\/seo\/ -->\n<title>Adria Wind Power - Hvala Vam na iskazanom intesresu<\/title>\n<meta name=\"description\" content=\"Upit je uspje\u0161no poslan \u2013 na\u0161 tim \u0107e Vam se javiti \u0161to je prije mogu\u0107e.\" \/>\n<meta name=\"robots\" content=\"index, follow, max-snippet:-1, max-image-preview:large, max-video-preview:-1\" \/>\n<link rel=\"canonical\" href=\"https:\/\/adriawindpower.hr\/en\/hvala-vam\/\" \/>\n<meta property=\"og:locale\" content=\"en_GB\" \/>\n<meta property=\"og:type\" content=\"article\" \/>\n<meta property=\"og:title\" content=\"Adria Wind Power - Hvala Vam na iskazanom intesresu\" \/>\n<meta property=\"og:description\" content=\"Upit je uspje\u0161no poslan \u2013 na\u0161 tim \u0107e Vam se javiti \u0161to je prije mogu\u0107e.\" \/>\n<meta property=\"og:url\" content=\"https:\/\/adriawindpower.hr\/en\/hvala-vam\/\" \/>\n<meta property=\"og:site_name\" content=\"Adria Wind Power\" \/>\n<meta property=\"article:modified_time\" content=\"2025-01-16T09:13:16+00:00\" \/>\n<meta property=\"og:image\" content=\"https:\/\/adriawindpower.hr\/wp-content\/uploads\/2024\/07\/awp-contact-hero-cover.jpg\" \/>\n\t<meta property=\"og:image:width\" content=\"1920\" \/>\n\t<meta property=\"og:image:height\" content=\"1440\" \/>\n\t<meta property=\"og:image:type\" content=\"image\/jpeg\" \/>\n<meta name=\"twitter:card\" content=\"summary_large_image\" \/>\n<meta name=\"twitter:label1\" content=\"Estimated reading time\" \/>\n\t<meta name=\"twitter:data1\" content=\"1 minute\" \/>\n<script type=\"application\/ld+json\" class=\"yoast-schema-graph\">{\"@context\":\"https:\/\/schema.org\",\"@graph\":[{\"@type\":\"WebPage\",\"@id\":\"https:\/\/adriawindpower.hr\/hvala-vam\/\",\"url\":\"https:\/\/adriawindpower.hr\/hvala-vam\/\",\"name\":\"Adria Wind Power - Hvala Vam na iskazanom intesresu\",\"isPartOf\":{\"@id\":\"https:\/\/adriawindpower.hr\/#website\"},\"primaryImageOfPage\":{\"@id\":\"https:\/\/adriawindpower.hr\/hvala-vam\/#primaryimage\"},\"image\":{\"@id\":\"https:\/\/adriawindpower.hr\/hvala-vam\/#primaryimage\"},\"thumbnailUrl\":\"https:\/\/adriawindpower.hr\/wp-content\/uploads\/2024\/07\/awp-contact-hero-cover.jpg\",\"datePublished\":\"2024-08-20T06:50:03+00:00\",\"dateModified\":\"2025-01-16T09:13:16+00:00\",\"description\":\"Upit je uspje\u0161no poslan \u2013 na\u0161 tim \u0107e Vam se javiti \u0161to je prije mogu\u0107e.\",\"breadcrumb\":{\"@id\":\"https:\/\/adriawindpower.hr\/hvala-vam\/#breadcrumb\"},\"inLanguage\":\"en-GB\",\"potentialAction\":[{\"@type\":\"ReadAction\",\"target\":[\"https:\/\/adriawindpower.hr\/hvala-vam\/\"]}]},{\"@type\":\"ImageObject\",\"inLanguage\":\"en-GB\",\"@id\":\"https:\/\/adriawindpower.hr\/hvala-vam\/#primaryimage\",\"url\":\"https:\/\/adriawindpower.hr\/wp-content\/uploads\/2024\/07\/awp-contact-hero-cover.jpg\",\"contentUrl\":\"https:\/\/adriawindpower.hr\/wp-content\/uploads\/2024\/07\/awp-contact-hero-cover.jpg\",\"width\":1920,\"height\":1440},{\"@type\":\"BreadcrumbList\",\"@id\":\"https:\/\/adriawindpower.hr\/hvala-vam\/#breadcrumb\",\"itemListElement\":[{\"@type\":\"ListItem\",\"position\":1,\"name\":\"Po\u010detna stranica\",\"item\":\"https:\/\/adriawindpower.hr\/\"},{\"@type\":\"ListItem\",\"position\":2,\"name\":\"Hvala Vam na iskazanom intesresu\"}]},{\"@type\":\"WebSite\",\"@id\":\"https:\/\/adriawindpower.hr\/#website\",\"url\":\"https:\/\/adriawindpower.hr\/\",\"name\":\"Adria Wind Power\",\"description\":\"\",\"publisher\":{\"@id\":\"https:\/\/adriawindpower.hr\/#organization\"},\"potentialAction\":[{\"@type\":\"SearchAction\",\"target\":{\"@type\":\"EntryPoint\",\"urlTemplate\":\"https:\/\/adriawindpower.hr\/?s={search_term_string}\"},\"query-input\":{\"@type\":\"PropertyValueSpecification\",\"valueRequired\":true,\"valueName\":\"search_term_string\"}}],\"inLanguage\":\"en-GB\"},{\"@type\":\"Organization\",\"@id\":\"https:\/\/adriawindpower.hr\/#organization\",\"name\":\"Adria Wind Power\",\"url\":\"https:\/\/adriawindpower.hr\/\",\"logo\":{\"@type\":\"ImageObject\",\"inLanguage\":\"en-GB\",\"@id\":\"https:\/\/adriawindpower.hr\/#\/schema\/logo\/image\/\",\"url\":\"https:\/\/adriawindpower.hr\/wp-content\/uploads\/2024\/07\/AWP-logo.svg\",\"contentUrl\":\"https:\/\/adriawindpower.hr\/wp-content\/uploads\/2024\/07\/AWP-logo.svg\",\"width\":91,\"height\":32,\"caption\":\"Adria Wind Power\"},\"image\":{\"@id\":\"https:\/\/adriawindpower.hr\/#\/schema\/logo\/image\/\"}}]}<\/script>\n<!-- \/ Yoast SEO plugin. -->","yoast_head_json":{"title":"Adria Wind Power - Hvala Vam na iskazanom intesresu","description":"Upit je uspje\u0161no poslan \u2013 na\u0161 tim \u0107e Vam se javiti \u0161to je prije mogu\u0107e.","robots":{"index":"index","follow":"follow","max-snippet":"max-snippet:-1","max-image-preview":"max-image-preview:large","max-video-preview":"max-video-preview:-1"},"canonical":"https:\/\/adriawindpower.hr\/en\/hvala-vam\/","og_locale":"en_GB","og_type":"article","og_title":"Adria Wind Power - Hvala Vam na iskazanom intesresu","og_description":"Upit je uspje\u0161no poslan \u2013 na\u0161 tim \u0107e Vam se javiti \u0161to je prije mogu\u0107e.","og_url":"https:\/\/adriawindpower.hr\/en\/hvala-vam\/","og_site_name":"Adria Wind Power","article_modified_time":"2025-01-16T09:13:16+00:00","og_image":[{"width":1920,"height":1440,"url":"https:\/\/adriawindpower.hr\/wp-content\/uploads\/2024\/07\/awp-contact-hero-cover.jpg","type":"image\/jpeg"}],"twitter_card":"summary_large_image","twitter_misc":{"Estimated reading time":"1 minute"},"schema":{"@context":"https:\/\/schema.org","@graph":[{"@type":"WebPage","@id":"https:\/\/adriawindpower.hr\/hvala-vam\/","url":"https:\/\/adriawindpower.hr\/hvala-vam\/","name":"Adria Wind Power - Hvala Vam na iskazanom intesresu","isPartOf":{"@id":"https:\/\/adriawindpower.hr\/#website"},"primaryImageOfPage":{"@id":"https:\/\/adriawindpower.hr\/hvala-vam\/#primaryimage"},"image":{"@id":"https:\/\/adriawindpower.hr\/hvala-vam\/#primaryimage"},"thumbnailUrl":"https:\/\/adriawindpower.hr\/wp-content\/uploads\/2024\/07\/awp-contact-hero-cover.jpg","datePublished":"2024-08-20T06:50:03+00:00","dateModified":"2025-01-16T09:13:16+00:00","description":"Upit je uspje\u0161no poslan \u2013 na\u0161 tim \u0107e Vam se javiti \u0161to je prije mogu\u0107e.","breadcrumb":{"@id":"https:\/\/adriawindpower.hr\/hvala-vam\/#breadcrumb"},"inLanguage":"en-GB","potentialAction":[{"@type":"ReadAction","target":["https:\/\/adriawindpower.hr\/hvala-vam\/"]}]},{"@type":"ImageObject","inLanguage":"en-GB","@id":"https:\/\/adriawindpower.hr\/hvala-vam\/#primaryimage","url":"https:\/\/adriawindpower.hr\/wp-content\/uploads\/2024\/07\/awp-contact-hero-cover.jpg","contentUrl":"https:\/\/adriawindpower.hr\/wp-content\/uploads\/2024\/07\/awp-contact-hero-cover.jpg","width":1920,"height":1440},{"@type":"BreadcrumbList","@id":"https:\/\/adriawindpower.hr\/hvala-vam\/#breadcrumb","itemListElement":[{"@type":"ListItem","position":1,"name":"Po\u010detna stranica","item":"https:\/\/adriawindpower.hr\/"},{"@type":"ListItem","position":2,"name":"Hvala Vam na iskazanom intesresu"}]},{"@type":"WebSite","@id":"https:\/\/adriawindpower.hr\/#website","url":"https:\/\/adriawindpower.hr\/","name":"Adria Wind Power","description":"","publisher":{"@id":"https:\/\/adriawindpower.hr\/#organization"},"potentialAction":[{"@type":"SearchAction","target":{"@type":"EntryPoint","urlTemplate":"https:\/\/adriawindpower.hr\/?s={search_term_string}"},"query-input":{"@type":"PropertyValueSpecification","valueRequired":true,"valueName":"search_term_string"}}],"inLanguage":"en-GB"},{"@type":"Organization","@id":"https:\/\/adriawindpower.hr\/#organization","name":"Adria Wind Power","url":"https:\/\/adriawindpower.hr\/","logo":{"@type":"ImageObject","inLanguage":"en-GB","@id":"https:\/\/adriawindpower.hr\/#\/schema\/logo\/image\/","url":"https:\/\/adriawindpower.hr\/wp-content\/uploads\/2024\/07\/AWP-logo.svg","contentUrl":"https:\/\/adriawindpower.hr\/wp-content\/uploads\/2024\/07\/AWP-logo.svg","width":91,"height":32,"caption":"Adria Wind Power"},"image":{"@id":"https:\/\/adriawindpower.hr\/#\/schema\/logo\/image\/"}}]}},"_links":{"self":[{"href":"https:\/\/adriawindpower.hr\/en\/wp-json\/wp\/v2\/pages\/1115","targetHints":{"allow":["GET"]}}],"collection":[{"href":"https:\/\/adriawindpower.hr\/en\/wp-json\/wp\/v2\/pages"}],"about":[{"href":"https:\/\/adriawindpower.hr\/en\/wp-json\/wp\/v2\/types\/page"}],"author":[{"embeddable":true,"href":"https:\/\/adriawindpower.hr\/en\/wp-json\/wp\/v2\/users\/1"}],"replies":[{"embeddable":true,"href":"https:\/\/adriawindpower.hr\/en\/wp-json\/wp\/v2\/comments?post=1115"}],"version-history":[{"count":11,"href":"https:\/\/adriawindpower.hr\/en\/wp-json\/wp\/v2\/pages\/1115\/revisions"}],"predecessor-version":[{"id":1418,"href":"https:\/\/adriawindpower.hr\/en\/wp-json\/wp\/v2\/pages\/1115\/revisions\/1418"}],"wp:featuredmedia":[{"embeddable":true,"href":"https:\/\/adriawindpower.hr\/en\/wp-json\/wp\/v2\/media\/1025"}],"wp:attachment":[{"href":"https:\/\/adriawindpower.hr\/en\/wp-json\/wp\/v2\/media?parent=1115"}],"curies":[{"name":"wp","href":"https:\/\/api.w.org\/{rel}","templated":true}]}}